{"id":964,"date":"2024-06-01T16:45:50","date_gmt":"2024-06-01T16:45:50","guid":{"rendered":"https:\/\/www.matawi.eu\/?page_id=964"},"modified":"2026-03-31T14:25:29","modified_gmt":"2026-03-31T14:25:29","slug":"rodo","status":"publish","type":"page","link":"https:\/\/www.matawi.eu\/?page_id=964","title":{"rendered":"RODO"},"content":{"rendered":"\t\t<div data-elementor-type=\"wp-page\" data-elementor-id=\"964\" class=\"elementor elementor-964\" data-elementor-post-type=\"page\">\n\t\t\t\t<div class=\"elementor-element elementor-element-15b7f4b0 e-flex e-con-boxed e-con e-parent\" data-id=\"15b7f4b0\" data-element_type=\"container\">\n\t\t\t\t\t<div class=\"e-con-inner\">\n\t\t\t\t<div class=\"elementor-element elementor-element-16e135fd elementor-widget elementor-widget-text-editor\" data-id=\"16e135fd\" data-element_type=\"widget\" data-widget_type=\"text-editor.default\">\n\t\t\t\t<div class=\"elementor-widget-container\">\n\t\t\t\t\t\t\t\t\t<p>KLAUZULA INFORMACYJNA DOTYCZ\u0104CA PRZETWARZANIA DANYCH OSOBOWYCH<\/p>\n<p><!-- \/wp:paragraph --><\/p>\n<p><!-- wp:paragraph --><\/p>\n<p>Zgodnie z art. 13 Rozporz\u0105dzenia Parlamentu Europejskiego i Rady (UE) 2016\/679 z dnia 27 kwietnia 2016 r. w sprawie ochrony os\u00f3b fizycznych w zwi\u0105zku z przetwarzaniem danych osobowych i w sprawie swobodnego przep\u0142ywu takich danych oraz uchylenia dyrektywy 95\/46\/WE (og\u00f3lne rozporz\u0105dzenie o ochronie danych \u2013 RODO), informujemy, \u017ce:<br \/><br \/><\/p>\n<p><!-- \/wp:paragraph --><\/p>\n<p><!-- wp:heading {\"level\":4} --><\/p>\n<h4 class=\"wp-block-heading\"><i>1. Administrator danych osobowych<\/i><\/h4>\n<p><!-- \/wp:heading --><\/p>\n<p><!-- wp:paragraph --><\/p>\n<p>Administratorem Pani\/Pana danych osobowych jest MaTaWi Marek Wojakowski z siedzib\u0105 pod adresem:<br \/>\ud83d\udccd Amelin 43, 97-500 Radomsko<br \/>\ud83d\udccc NIP: 772 231 42 14<br \/>\ud83d\udce7 E-mail: <a>info@matawi.eu<\/a><br \/>(dalej \u201eAdministrator\u201d).<\/p>\n<p><!-- \/wp:paragraph --><\/p>\n<p><!-- wp:heading {\"level\":4} --><\/p>\n<h4 class=\"wp-block-heading\">2. Kontakt w sprawach ochrony danych osobowych<\/h4>\n<p><!-- \/wp:heading --><\/p>\n<p><!-- wp:paragraph --><\/p>\n<p>W sprawach zwi\u0105zanych z przetwarzaniem danych osobowych mo\u017cna kontaktowa\u0107 si\u0119 z Administratorem pod adresem e-mail: <a>info@matawi.eu<\/a>.<\/p>\n<p><!-- \/wp:paragraph --><\/p>\n<p><!-- wp:heading {\"level\":4} --><\/p>\n<h4 class=\"wp-block-heading\">3. Cele i podstawy prawne przetwarzania danych osobowych<\/h4>\n<p><!-- \/wp:heading --><\/p>\n<p><!-- wp:paragraph --><\/p>\n<p>Pani\/Pana dane osobowe przetwarzane s\u0105 w nast\u0119puj\u0105cych celach:<\/p>\n<p><!-- \/wp:paragraph --><\/p>\n<p><!-- wp:list --><\/p>\n<ul class=\"wp-block-list\">\n<li style=\"list-style-type: none;\">\n<ul class=\"wp-block-list\"><!-- wp:list-item --><\/ul>\n<\/li>\n<\/ul>\n<ul class=\"wp-block-list\">\n<li style=\"list-style-type: none;\">\n<ul class=\"wp-block-list\">\n<li>Zawarcie i realizacja umowy \u2013 przetwarzanie jest niezb\u0119dne do wykonania umowy lub do podj\u0119cia dzia\u0142a\u0144 przed jej zawarciem (art. 6 ust. 1 lit. b RODO);<\/li>\n<\/ul>\n<\/li>\n<\/ul>\n<p><!-- \/wp:list-item --><\/p>\n<p><!-- wp:list-item --><\/p>\n<ul class=\"wp-block-list\">\n<li style=\"list-style-type: none;\">\n<ul class=\"wp-block-list\">\n<li>Wype\u0142nienie obowi\u0105zk\u00f3w prawnych ci\u0105\u017c\u0105cych na Administratorze (np. wynikaj\u0105cych z przepis\u00f3w podatkowych i rachunkowych) \u2013 art. 6 ust. 1 lit. c RODO;<\/li>\n<\/ul>\n<\/li>\n<\/ul>\n<p><!-- \/wp:list-item --><\/p>\n<p><!-- wp:list-item --><\/p>\n<ul class=\"wp-block-list\">\n<li style=\"list-style-type: none;\">\n<ul class=\"wp-block-list\">\n<li>Realizacja prawnie uzasadnionych interes\u00f3w Administratora \u2013 w szczeg\u00f3lno\u015bci w celach archiwizacyjnych, dochodzenia roszcze\u0144 oraz obrony przed roszczeniami (art. 6 ust. 1 lit. f RODO).<\/li>\n<\/ul>\n<\/li>\n<\/ul>\n<p><!-- \/wp:list-item --><\/p>\n<p><!-- \/wp:list --><\/p>\n<p><!-- wp:heading {\"level\":4} --><\/p>\n<h4 class=\"wp-block-heading\">4. Odbiorcy danych osobowych<\/h4>\n<p><!-- \/wp:heading --><\/p>\n<p><!-- wp:paragraph --><\/p>\n<p>Pani\/Pana dane osobowe mog\u0105 by\u0107 przekazywane podmiotom uprawnionym na podstawie przepis\u00f3w prawa oraz:<\/p>\n<p><!-- \/wp:paragraph --><\/p>\n<p><!-- wp:list --><\/p>\n<ul class=\"wp-block-list\">\n<li style=\"list-style-type: none;\">\n<ul class=\"wp-block-list\"><!-- wp:list-item --><\/ul>\n<\/li>\n<\/ul>\n<ul class=\"wp-block-list\">\n<li style=\"list-style-type: none;\">\n<ul class=\"wp-block-list\">\n<li>podmiotom \u015bwiadcz\u0105cym us\u0142ugi IT, hostingowe, ksi\u0119gowe, prawne i doradcze na rzecz Administratora,<\/li>\n<\/ul>\n<\/li>\n<\/ul>\n<p><!-- \/wp:list-item --><\/p>\n<p><!-- wp:list-item --><\/p>\n<ul class=\"wp-block-list\">\n<li style=\"list-style-type: none;\">\n<ul class=\"wp-block-list\">\n<li>podmiotom przetwarzaj\u0105cym dane osobowe na podstawie zawartych z Administratorem um\u00f3w powierzenia przetwarzania danych.<\/li>\n<\/ul>\n<\/li>\n<\/ul>\n<p><!-- \/wp:list-item --><\/p>\n<p><!-- \/wp:list --><\/p>\n<p><!-- wp:heading {\"level\":4} --><\/p>\n<h4 class=\"wp-block-heading\">5. Okres przechowywania danych osobowych<\/h4>\n<p><!-- \/wp:heading --><\/p>\n<p><!-- wp:paragraph --><\/p>\n<p>Dane osobowe b\u0119d\u0105 przechowywane przez okres niezb\u0119dny do realizacji umowy, a po jej zako\u0144czeniu \u2013 przez czas wymagany przepisami prawa lub do przedawnienia roszcze\u0144. W przypadku przetwarzania danych na podstawie prawnie uzasadnionego interesu Administratora, dane b\u0119d\u0105 przechowywane do momentu zg\u0142oszenia skutecznego sprzeciwu lub do ustania celu przetwarzania.<\/p>\n<p><!-- \/wp:paragraph --><\/p>\n<p><!-- wp:heading {\"level\":4} --><\/p>\n<h4 class=\"wp-block-heading\">6. Prawa osoby, kt\u00f3rej dane dotycz\u0105<\/h4>\n<p><!-- \/wp:heading --><\/p>\n<p><!-- wp:paragraph --><\/p>\n<p>Przys\u0142uguje Pani\/Panu prawo do:<\/p>\n<p><!-- \/wp:paragraph --><\/p>\n<p><!-- wp:list --><\/p>\n<ul class=\"wp-block-list\">\n<li style=\"list-style-type: none;\">\n<ul class=\"wp-block-list\"><!-- wp:list-item --><\/ul>\n<\/li>\n<\/ul>\n<ul class=\"wp-block-list\">\n<li style=\"list-style-type: none;\">\n<ul class=\"wp-block-list\">\n<li>dost\u0119pu do swoich danych osobowych,<\/li>\n<\/ul>\n<\/li>\n<\/ul>\n<p><!-- \/wp:list-item --><\/p>\n<p><!-- wp:list-item --><\/p>\n<ul class=\"wp-block-list\">\n<li style=\"list-style-type: none;\">\n<ul class=\"wp-block-list\">\n<li>sprostowania danych,<\/li>\n<\/ul>\n<\/li>\n<\/ul>\n<p><!-- \/wp:list-item --><\/p>\n<p><!-- wp:list-item --><\/p>\n<ul class=\"wp-block-list\">\n<li style=\"list-style-type: none;\">\n<ul class=\"wp-block-list\">\n<li>usuni\u0119cia danych (\u201eprawo do bycia zapomnianym\u201d) w przypadkach okre\u015blonych w RODO,<\/li>\n<\/ul>\n<\/li>\n<\/ul>\n<p><!-- \/wp:list-item --><\/p>\n<p><!-- wp:list-item --><\/p>\n<ul class=\"wp-block-list\">\n<li style=\"list-style-type: none;\">\n<ul class=\"wp-block-list\">\n<li>ograniczenia przetwarzania,<\/li>\n<\/ul>\n<\/li>\n<\/ul>\n<p><!-- \/wp:list-item --><\/p>\n<p><!-- wp:list-item --><\/p>\n<ul class=\"wp-block-list\">\n<li style=\"list-style-type: none;\">\n<ul class=\"wp-block-list\">\n<li>przenoszenia danych,<\/li>\n<\/ul>\n<\/li>\n<\/ul>\n<p><!-- \/wp:list-item --><\/p>\n<p><!-- wp:list-item --><\/p>\n<ul class=\"wp-block-list\">\n<li style=\"list-style-type: none;\">\n<ul class=\"wp-block-list\">\n<li>wniesienia sprzeciwu wobec przetwarzania danych,<\/li>\n<\/ul>\n<\/li>\n<\/ul>\n<p><!-- \/wp:list-item --><\/p>\n<p><!-- wp:list-item --><\/p>\n<ul class=\"wp-block-list\">\n<li style=\"list-style-type: none;\">\n<ul class=\"wp-block-list\">\n<li>cofni\u0119cia zgody na przetwarzanie danych, je\u015bli przetwarzanie odbywa si\u0119 na podstawie zgody (cofni\u0119cie zgody nie wp\u0142ywa na zgodno\u015b\u0107 z prawem przetwarzania przed jej wycofaniem).<\/li>\n<\/ul>\n<\/li>\n<\/ul>\n<p><!-- \/wp:list-item --><\/p>\n<p><!-- \/wp:list --><\/p>\n<p><!-- wp:heading {\"level\":4} --><\/p>\n<h4 class=\"wp-block-heading\">7. Prawo do wniesienia skargi<\/h4>\n<p><!-- \/wp:heading --><\/p>\n<p><!-- wp:paragraph --><\/p>\n<p>W przypadku uznania, \u017ce przetwarzanie Pani\/Pana danych osobowych narusza przepisy RODO, przys\u0142uguje prawo wniesienia skargi do Prezesa Urz\u0119du Ochrony Danych Osobowych (PUODO).<\/p>\n<p><!-- \/wp:paragraph --><\/p>\n<p><!-- wp:heading {\"level\":4} --><\/p>\n<h4>\u00a0<\/h4>\n<h4 class=\"wp-block-heading\">8. Dobrowolno\u015b\u0107 podania danych<\/h4>\n<p><!-- \/wp:heading --><\/p>\n<p><!-- wp:paragraph --><\/p>\n<p>Podanie danych osobowych jest dobrowolne, jednak\u017ce ich niepodanie mo\u017ce uniemo\u017cliwi\u0107 zawarcie i realizacj\u0119 umowy.<\/p>\n<p><!-- \/wp:paragraph --><\/p>\n<p><!-- wp:heading {\"level\":4} --><\/p>\n<h4>\u00a0<\/h4>\n<h4 class=\"wp-block-heading\">9. Zautomatyzowane podejmowanie decyzji i profilowanie<\/h4>\n<p><!-- \/wp:heading --><\/p>\n<p><!-- wp:paragraph --><\/p>\n<p>Pani\/Pana dane osobowe nie b\u0119d\u0105 podlega\u0142y zautomatyzowanemu podejmowaniu decyzji, w tym profilowaniu, o kt\u00f3rym mowa w art. 22 RODO.<\/p>\n<p><!-- \/wp:paragraph --><\/p>\n<p><!-- wp:heading {\"level\":4} --><\/p>\n<h4>\u00a0<\/h4>\n<h4 class=\"wp-block-heading\">10. Informacja o wykorzystywanych grafikach<\/h4>\n<p><!-- \/wp:heading --><\/p>\n<p><!-- wp:paragraph --><\/p>\n<p>Strona MaTaWi wykorzystuje grafiki w\u0142asne jak i pochodz\u0105ce z serwisu Freepik.com, zgodnie z jego regulaminem i licencj\u0105.<\/p>\n<p><!-- \/wp:paragraph --><\/p>\t\t\t\t\t\t\t\t<\/div>\n\t\t\t\t<\/div>\n\t\t\t\t\t<\/div>\n\t\t\t\t<\/div>\n\t\t\t\t<\/div>\n\t\t","protected":false},"excerpt":{"rendered":"<p>KLAUZULA INFORMACYJNA DOTYCZ\u0104CA PRZETWARZANIA DANYCH OSOBOWYCH Zgodnie z art. 13 Rozporz\u0105dzenia Parlamentu Europejskiego i Rady (UE) 2016\/679 z dnia 27 kwietnia 2016 r. w sprawie ochrony os\u00f3b fizycznych w zwi\u0105zku z przetwarzaniem danych osobowych i w sprawie swobodnego przep\u0142ywu takich danych oraz uchylenia dyrektywy 95\/46\/WE (og\u00f3lne rozporz\u0105dzenie o ochronie danych \u2013 RODO), informujemy, \u017ce: 1. [&hellip;]<\/p>\n","protected":false},"author":1,"featured_media":0,"parent":0,"menu_order":0,"comment_status":"closed","ping_status":"closed","template":"","meta":{"footnotes":""},"class_list":["post-964","page","type-page","status-publish","hentry"],"_links":{"self":[{"href":"https:\/\/www.matawi.eu\/index.php?rest_route=\/wp\/v2\/pages\/964","targetHints":{"allow":["GET"]}}],"collection":[{"href":"https:\/\/www.matawi.eu\/index.php?rest_route=\/wp\/v2\/pages"}],"about":[{"href":"https:\/\/www.matawi.eu\/index.php?rest_route=\/wp\/v2\/types\/page"}],"author":[{"embeddable":true,"href":"https:\/\/www.matawi.eu\/index.php?rest_route=\/wp\/v2\/users\/1"}],"replies":[{"embeddable":true,"href":"https:\/\/www.matawi.eu\/index.php?rest_route=%2Fwp%2Fv2%2Fcomments&post=964"}],"version-history":[{"count":12,"href":"https:\/\/www.matawi.eu\/index.php?rest_route=\/wp\/v2\/pages\/964\/revisions"}],"predecessor-version":[{"id":1971,"href":"https:\/\/www.matawi.eu\/index.php?rest_route=\/wp\/v2\/pages\/964\/revisions\/1971"}],"wp:attachment":[{"href":"https:\/\/www.matawi.eu\/index.php?rest_route=%2Fwp%2Fv2%2Fmedia&parent=964"}],"curies":[{"name":"wp","href":"https:\/\/api.w.org\/{rel}","templated":true}]}}