{"id":908,"date":"2024-06-01T14:58:04","date_gmt":"2024-06-01T14:58:04","guid":{"rendered":"http:\/\/www.matawi.eu\/?page_id=908"},"modified":"2026-03-23T21:19:00","modified_gmt":"2026-03-23T21:19:00","slug":"about","status":"publish","type":"page","link":"https:\/\/www.matawi.eu\/?page_id=908","title":{"rendered":"About"},"content":{"rendered":"\t\t<div data-elementor-type=\"wp-page\" data-elementor-id=\"908\" class=\"elementor elementor-908\" data-elementor-post-type=\"page\">\n\t\t\t\t<div class=\"elementor-element elementor-element-4a243757 e-flex e-con-boxed e-con e-parent\" data-id=\"4a243757\" data-element_type=\"container\" data-settings=\"{&quot;background_background&quot;:&quot;classic&quot;}\">\n\t\t\t\t\t<div class=\"e-con-inner\">\n\t\t<div class=\"elementor-element elementor-element-7b148c29 e-flex e-con-boxed e-con e-child\" data-id=\"7b148c29\" data-element_type=\"container\">\n\t\t\t\t\t<div class=\"e-con-inner\">\n\t\t\t\t<div class=\"elementor-element elementor-element-339557f animated-slow elementor-invisible elementor-widget elementor-widget-heading\" data-id=\"339557f\" data-element_type=\"widget\" data-settings=\"{&quot;_animation&quot;:&quot;slideInUp&quot;}\" data-widget_type=\"heading.default\">\n\t\t\t\t<div class=\"elementor-widget-container\">\n\t\t\t\t\t<h2 class=\"elementor-heading-title elementor-size-default\">MaTaWi<\/h2>\t\t\t\t<\/div>\n\t\t\t\t<\/div>\n\t\t\t\t<div class=\"elementor-element elementor-element-62c9f7da animated-slow elementor-invisible elementor-widget elementor-widget-heading\" data-id=\"62c9f7da\" data-element_type=\"widget\" data-settings=\"{&quot;_animation&quot;:&quot;slideInUp&quot;}\" data-widget_type=\"heading.default\">\n\t\t\t\t<div class=\"elementor-widget-container\">\n\t\t\t\t\t<h2 class=\"elementor-heading-title elementor-size-default\">PROJEKTOWANIE GRAFIKI<\/h2>\t\t\t\t<\/div>\n\t\t\t\t<\/div>\n\t\t\t\t\t<\/div>\n\t\t\t\t<\/div>\n\t\t<div class=\"elementor-element elementor-element-6aad31ff e-con-full e-flex e-con e-child\" data-id=\"6aad31ff\" data-element_type=\"container\">\n\t\t<div class=\"elementor-element elementor-element-65d61db1 e-con-full e-flex e-con e-child\" data-id=\"65d61db1\" data-element_type=\"container\">\n\t\t\t\t<div class=\"elementor-element elementor-element-434d8e6d elementor-widget elementor-widget-heading\" data-id=\"434d8e6d\" data-element_type=\"widget\" data-widget_type=\"heading.default\">\n\t\t\t\t<div class=\"elementor-widget-container\">\n\t\t\t\t\t<h3 class=\"elementor-heading-title elementor-size-default\">O mnie<\/h3>\t\t\t\t<\/div>\n\t\t\t\t<\/div>\n\t\t\t\t<div class=\"elementor-element elementor-element-22c14b6c elementor-position-top elementor-widget elementor-widget-image-box\" data-id=\"22c14b6c\" data-element_type=\"widget\" data-widget_type=\"image-box.default\">\n\t\t\t\t<div class=\"elementor-widget-container\">\n\t\t\t\t\t<div class=\"elementor-image-box-wrapper\"><figure class=\"elementor-image-box-img\"><img fetchpriority=\"high\" decoding=\"async\" width=\"2560\" height=\"1707\" src=\"https:\/\/www.matawi.eu\/wp-content\/uploads\/2024\/11\/man-sits-desk-with-computer-sign-that-says-digital-scaled.jpg\" class=\"attachment-full size-full wp-image-1057\" alt=\"\" srcset=\"https:\/\/www.matawi.eu\/wp-content\/uploads\/2024\/11\/man-sits-desk-with-computer-sign-that-says-digital-scaled.jpg 2560w, https:\/\/www.matawi.eu\/wp-content\/uploads\/2024\/11\/man-sits-desk-with-computer-sign-that-says-digital-300x200.jpg 300w, https:\/\/www.matawi.eu\/wp-content\/uploads\/2024\/11\/man-sits-desk-with-computer-sign-that-says-digital-1024x683.jpg 1024w, https:\/\/www.matawi.eu\/wp-content\/uploads\/2024\/11\/man-sits-desk-with-computer-sign-that-says-digital-768x512.jpg 768w, https:\/\/www.matawi.eu\/wp-content\/uploads\/2024\/11\/man-sits-desk-with-computer-sign-that-says-digital-1536x1024.jpg 1536w, https:\/\/www.matawi.eu\/wp-content\/uploads\/2024\/11\/man-sits-desk-with-computer-sign-that-says-digital-2048x1366.jpg 2048w\" sizes=\"(max-width: 2560px) 100vw, 2560px\" \/><\/figure><div class=\"elementor-image-box-content\"><p class=\"elementor-image-box-description\">Jestem projektantem grafiki i identyfikacji wizualnej. Tworz\u0119 logotypy, systemy brandingu oraz materia\u0142y graficzne, kt\u00f3re pomagaj\u0105 markom wyr\u00f3\u017cnia\u0107 si\u0119, budowa\u0107 profesjonalny wizerunek i komunikowa\u0107 si\u0119 w sp\u00f3jny oraz estetyczny spos\u00f3b.\n<br><br>\nW swojej pracy \u0142\u0105cz\u0119 kreatywno\u015b\u0107 z funkcjonalno\u015bci\u0105 \u2014 projektuj\u0119 tak, aby grafika nie tylko wygl\u0105da\u0142a atrakcyjnie, ale tak\u017ce realnie wspiera\u0142a biznes klienta.<\/p><\/div><\/div>\t\t\t\t<\/div>\n\t\t\t\t<\/div>\n\t\t\t\t<\/div>\n\t\t<div class=\"elementor-element elementor-element-79e6e456 e-con-full e-flex e-con e-child\" data-id=\"79e6e456\" data-element_type=\"container\">\n\t\t\t\t<div class=\"elementor-element elementor-element-37c6e273 elementor-widget elementor-widget-heading\" data-id=\"37c6e273\" data-element_type=\"widget\" data-widget_type=\"heading.default\">\n\t\t\t\t<div class=\"elementor-widget-container\">\n\t\t\t\t\t<h3 class=\"elementor-heading-title elementor-size-default\">Moje Do\u015bwiadczenie<\/h3>\t\t\t\t<\/div>\n\t\t\t\t<\/div>\n\t\t\t\t<div class=\"elementor-element elementor-element-7bbad1f9 elementor-position-top elementor-widget elementor-widget-image-box\" data-id=\"7bbad1f9\" data-element_type=\"widget\" data-widget_type=\"image-box.default\">\n\t\t\t\t<div class=\"elementor-widget-container\">\n\t\t\t\t\t<div class=\"elementor-image-box-wrapper\"><figure class=\"elementor-image-box-img\"><img decoding=\"async\" width=\"2560\" height=\"1709\" src=\"https:\/\/www.matawi.eu\/wp-content\/uploads\/2024\/11\/man-drawing-illustartion-pad-paper-palette-font-design-words-scaled.jpg\" class=\"attachment-full size-full wp-image-1051\" alt=\"\" srcset=\"https:\/\/www.matawi.eu\/wp-content\/uploads\/2024\/11\/man-drawing-illustartion-pad-paper-palette-font-design-words-scaled.jpg 2560w, https:\/\/www.matawi.eu\/wp-content\/uploads\/2024\/11\/man-drawing-illustartion-pad-paper-palette-font-design-words-300x200.jpg 300w, https:\/\/www.matawi.eu\/wp-content\/uploads\/2024\/11\/man-drawing-illustartion-pad-paper-palette-font-design-words-1024x683.jpg 1024w, https:\/\/www.matawi.eu\/wp-content\/uploads\/2024\/11\/man-drawing-illustartion-pad-paper-palette-font-design-words-768x513.jpg 768w, https:\/\/www.matawi.eu\/wp-content\/uploads\/2024\/11\/man-drawing-illustartion-pad-paper-palette-font-design-words-1536x1025.jpg 1536w\" sizes=\"(max-width: 2560px) 100vw, 2560px\" \/><\/figure><div class=\"elementor-image-box-content\"><p class=\"elementor-image-box-description\">Od kilkunastu lat dzia\u0142am na styku grafiki, komunikacji i marketingu. Prowadzi\u0142em projekty dla firm z r\u00f3\u017cnych bran\u017c, tworz\u0105c dla nich logotypy, materia\u0142y promocyjne, identyfikacj\u0119 wizualn\u0105 oraz grafiki do internetu i social media.\n<br><br>\nDzi\u0119ki do\u015bwiadczeniu zdobytym w Polsce i Niemczech rozumiem r\u00f3\u017cne style komunikacji wizualnej i potrafi\u0119 dopasowa\u0107 projekt do rynku, odbiorcy oraz strategii marki.\nStawiam na przejrzysto\u015b\u0107, estetyk\u0119, konsekwencj\u0119 i jako\u015b\u0107 \u2014 ka\u017cdy projekt traktuj\u0119 indywidualnie.<\/p><\/div><\/div>\t\t\t\t<\/div>\n\t\t\t\t<\/div>\n\t\t\t\t<\/div>\n\t\t<div class=\"elementor-element elementor-element-634cc1ff e-con-full e-flex e-con e-child\" data-id=\"634cc1ff\" data-element_type=\"container\">\n\t\t\t\t<div class=\"elementor-element elementor-element-565ec3cb elementor-widget elementor-widget-heading\" data-id=\"565ec3cb\" data-element_type=\"widget\" data-widget_type=\"heading.default\">\n\t\t\t\t<div class=\"elementor-widget-container\">\n\t\t\t\t\t<h3 class=\"elementor-heading-title elementor-size-default\">Skontaktuj si\u0119<\/h3>\t\t\t\t<\/div>\n\t\t\t\t<\/div>\n\t\t\t\t<div class=\"elementor-element elementor-element-69d4bcca elementor-position-top elementor-widget elementor-widget-image-box\" data-id=\"69d4bcca\" data-element_type=\"widget\" data-widget_type=\"image-box.default\">\n\t\t\t\t<div class=\"elementor-widget-container\">\n\t\t\t\t\t<div class=\"elementor-image-box-wrapper\"><figure class=\"elementor-image-box-img\"><img decoding=\"async\" width=\"2560\" height=\"1727\" src=\"https:\/\/www.matawi.eu\/wp-content\/uploads\/2024\/06\/woman-reading-about-brand-from-book-scaled.jpg\" class=\"attachment-full size-full wp-image-915\" alt=\"\" srcset=\"https:\/\/www.matawi.eu\/wp-content\/uploads\/2024\/06\/woman-reading-about-brand-from-book-scaled.jpg 2560w, https:\/\/www.matawi.eu\/wp-content\/uploads\/2024\/06\/woman-reading-about-brand-from-book-300x202.jpg 300w, https:\/\/www.matawi.eu\/wp-content\/uploads\/2024\/06\/woman-reading-about-brand-from-book-1024x691.jpg 1024w, https:\/\/www.matawi.eu\/wp-content\/uploads\/2024\/06\/woman-reading-about-brand-from-book-768x518.jpg 768w\" sizes=\"(max-width: 2560px) 100vw, 2560px\" \/><\/figure><div class=\"elementor-image-box-content\"><p class=\"elementor-image-box-description\">Pomagam firmom i tw\u00f3rcom budowa\u0107 profesjonalny wizerunek od podstaw.\nJe\u015bli potrzebujesz projektu logo, materia\u0142\u00f3w graficznych, od\u015bwie\u017cenia identyfikacji wizualnej lub kompletu grafik dla swojej marki \u2014 ch\u0119tnie przygotuj\u0119 projekt dopasowany do Twoich potrzeb.\n<br><br>\n\ud83d\udc49 Porozmawiajmy o Twojej marce i tym, co mo\u017cemy wsp\u00f3lnie stworzy\u0107.<\/p><\/div><\/div>\t\t\t\t<\/div>\n\t\t\t\t<\/div>\n\t\t\t\t<\/div>\n\t\t\t\t<\/div>\n\t\t\t\t\t<\/div>\n\t\t\t\t<\/div>\n\t\t<div class=\"elementor-element elementor-element-302fbc76 e-con-full e-flex e-con e-parent\" data-id=\"302fbc76\" data-element_type=\"container\" data-settings=\"{&quot;background_background&quot;:&quot;classic&quot;}\">\n\t\t\t\t<div class=\"elementor-element elementor-element-9ad7a2e elementor-widget elementor-widget-heading\" data-id=\"9ad7a2e\" data-element_type=\"widget\" data-widget_type=\"heading.default\">\n\t\t\t\t<div class=\"elementor-widget-container\">\n\t\t\t\t\t<h1 class=\"elementor-heading-title elementor-size-default\">Moja misja<\/h1>\t\t\t\t<\/div>\n\t\t\t\t<\/div>\n\t\t\t\t<div class=\"elementor-element elementor-element-8b9e12e elementor-drop-cap-yes elementor-drop-cap-view-default elementor-widget elementor-widget-text-editor\" data-id=\"8b9e12e\" data-element_type=\"widget\" data-settings=\"{&quot;drop_cap&quot;:&quot;yes&quot;}\" data-widget_type=\"text-editor.default\">\n\t\t\t\t<div class=\"elementor-widget-container\">\n\t\t\t\t\t\t\t\t\t<h3 data-start=\"540\" data-end=\"784\">Pomagam markom budowa\u0107 siln\u0105, sp\u00f3jn\u0105 i profesjonaln\u0105 obecno\u015b\u0107 wizualn\u0105. Projektuj\u0119 grafik\u0119, kt\u00f3ra nie tylko przyci\u0105ga uwag\u0119, ale przede wszystkim wspiera cele biznesowe \u2014 buduje zaufanie, wzmacnia wizerunek i u\u0142atwia komunikacj\u0119 z odbiorcami.<\/h3><h3 data-start=\"786\" data-end=\"981\">W ka\u017cdym projekcie stawiam na estetyk\u0119, funkcjonalno\u015b\u0107 i indywidualne podej\u015bcie. Tworz\u0119 identyfikacje wizualne, kt\u00f3re wyr\u00f3\u017cniaj\u0105 marki, podkre\u015blaj\u0105 ich charakter i pozostaj\u0105 zapami\u0119tane na d\u0142ugo.<\/h3>\t\t\t\t\t\t\t\t<\/div>\n\t\t\t\t<\/div>\n\t\t\t\t<div class=\"elementor-element elementor-element-6e59be1c elementor-align-center elementor-widget elementor-widget-button\" data-id=\"6e59be1c\" data-element_type=\"widget\" data-widget_type=\"button.default\">\n\t\t\t\t<div class=\"elementor-widget-container\">\n\t\t\t\t\t\t\t\t\t<div class=\"elementor-button-wrapper\">\n\t\t\t\t\t<a class=\"elementor-button elementor-button-link elementor-size-lg elementor-animation-grow\" href=\"mailto:info@matawi.eu\">\n\t\t\t\t\t\t<span class=\"elementor-button-content-wrapper\">\n\t\t\t\t\t\t<span class=\"elementor-button-icon\">\n\t\t\t\t<svg aria-hidden=\"true\" class=\"e-font-icon-svg e-fas-mail-bulk\" viewBox=\"0 0 576 512\" xmlns=\"http:\/\/www.w3.org\/2000\/svg\"><path d=\"M160 448c-25.6 0-51.2-22.4-64-32-64-44.8-83.2-60.8-96-70.4V480c0 17.67 14.33 32 32 32h256c17.67 0 32-14.33 32-32V345.6c-12.8 9.6-32 25.6-96 70.4-12.8 9.6-38.4 32-64 32zm128-192H32c-17.67 0-32 14.33-32 32v16c25.6 19.2 22.4 19.2 115.2 86.4 9.6 6.4 28.8 25.6 44.8 25.6s35.2-19.2 44.8-22.4c92.8-67.2 89.6-67.2 115.2-86.4V288c0-17.67-14.33-32-32-32zm256-96H224c-17.67 0-32 14.33-32 32v32h96c33.21 0 60.59 25.42 63.71 57.82l.29-.22V416h192c17.67 0 32-14.33 32-32V192c0-17.67-14.33-32-32-32zm-32 128h-64v-64h64v64zm-352-96c0-35.29 28.71-64 64-64h224V32c0-17.67-14.33-32-32-32H96C78.33 0 64 14.33 64 32v192h96v-32z\"><\/path><\/svg>\t\t\t<\/span>\n\t\t\t\t\t\t\t\t\t<span class=\"elementor-button-text\">Chcesz stworzy\u0107 profesjonalny wizerunek swojej marki? Porozmawiajmy<\/span>\n\t\t\t\t\t<\/span>\n\t\t\t\t\t<\/a>\n\t\t\t\t<\/div>\n\t\t\t\t\t\t\t\t<\/div>\n\t\t\t\t<\/div>\n\t\t\t\t<\/div>\n\t\t<div class=\"elementor-element elementor-element-3e03448 e-flex e-con-boxed e-con e-parent\" data-id=\"3e03448\" data-element_type=\"container\" data-settings=\"{&quot;background_background&quot;:&quot;classic&quot;}\">\n\t\t\t\t\t<div class=\"e-con-inner\">\n\t\t<div class=\"elementor-element elementor-element-eb3404a e-flex e-con-boxed e-con e-child\" data-id=\"eb3404a\" data-element_type=\"container\">\n\t\t\t\t\t<div class=\"e-con-inner\">\n\t\t\t\t<div class=\"elementor-element elementor-element-79427f5 animated-slow elementor-invisible elementor-widget elementor-widget-heading\" data-id=\"79427f5\" data-element_type=\"widget\" data-settings=\"{&quot;_animation&quot;:&quot;slideInUp&quot;}\" data-widget_type=\"heading.default\">\n\t\t\t\t<div class=\"elementor-widget-container\">\n\t\t\t\t\t<h2 class=\"elementor-heading-title elementor-size-default\">Tworz\u0119 marki, kt\u00f3re m\u00f3wi\u0105<\/h2>\t\t\t\t<\/div>\n\t\t\t\t<\/div>\n\t\t\t\t<div class=\"elementor-element elementor-element-0719a52 animated-slow elementor-invisible elementor-widget elementor-widget-heading\" data-id=\"0719a52\" data-element_type=\"widget\" data-settings=\"{&quot;_animation&quot;:&quot;slideInUp&quot;}\" data-widget_type=\"heading.default\">\n\t\t\t\t<div class=\"elementor-widget-container\">\n\t\t\t\t\t<h2 class=\"elementor-heading-title elementor-size-default\">w\u0142asnym j\u0119zykiem<\/h2>\t\t\t\t<\/div>\n\t\t\t\t<\/div>\n\t\t\t\t\t<\/div>\n\t\t\t\t<\/div>\n\t\t<div class=\"elementor-element elementor-element-5134045 e-con-full e-flex e-con e-child\" data-id=\"5134045\" data-element_type=\"container\">\n\t\t<div class=\"elementor-element elementor-element-803561a e-con-full e-flex e-con e-child\" data-id=\"803561a\" data-element_type=\"container\">\n\t\t\t\t<div class=\"elementor-element elementor-element-437fbf2 elementor-widget elementor-widget-heading\" data-id=\"437fbf2\" data-element_type=\"widget\" data-widget_type=\"heading.default\">\n\t\t\t\t<div class=\"elementor-widget-container\">\n\t\t\t\t\t<h3 class=\"elementor-heading-title elementor-size-default\">DLA FIRM I PRZEDSI\u0118BIORC\u00d3W<\/h3>\t\t\t\t<\/div>\n\t\t\t\t<\/div>\n\t\t\t\t<div class=\"elementor-element elementor-element-d02b9e2 elementor-position-top elementor-widget elementor-widget-image-box\" data-id=\"d02b9e2\" data-element_type=\"widget\" data-widget_type=\"image-box.default\">\n\t\t\t\t<div class=\"elementor-widget-container\">\n\t\t\t\t\t<div class=\"elementor-image-box-wrapper\"><figure class=\"elementor-image-box-img\"><img loading=\"lazy\" decoding=\"async\" width=\"1408\" height=\"704\" src=\"https:\/\/www.matawi.eu\/wp-content\/uploads\/2025\/10\/freepik__the-style-is-candid-image-photography-with-natural__34691.jpeg\" class=\"attachment-full size-full wp-image-1421\" alt=\"\" srcset=\"https:\/\/www.matawi.eu\/wp-content\/uploads\/2025\/10\/freepik__the-style-is-candid-image-photography-with-natural__34691.jpeg 1408w, https:\/\/www.matawi.eu\/wp-content\/uploads\/2025\/10\/freepik__the-style-is-candid-image-photography-with-natural__34691-300x150.jpeg 300w, https:\/\/www.matawi.eu\/wp-content\/uploads\/2025\/10\/freepik__the-style-is-candid-image-photography-with-natural__34691-1024x512.jpeg 1024w, https:\/\/www.matawi.eu\/wp-content\/uploads\/2025\/10\/freepik__the-style-is-candid-image-photography-with-natural__34691-768x384.jpeg 768w\" sizes=\"(max-width: 1408px) 100vw, 1408px\" \/><\/figure><div class=\"elementor-image-box-content\"><p class=\"elementor-image-box-description\">\u2714 projektowanie logo i identyfikacji wizualnej<br>\n\u2714 tworzenie materia\u0142\u00f3w reklamowych (ulotki, plakaty, wizyt\u00f3wki)<br>\n\u2714 oprawa graficzna social media<br>\n\u2714 systemy brandingu dla firm jednoosobowych i M\u015aP<br>\n\u2714 redesign istniej\u0105cej identyfikacji marki<br><br><\/p><\/div><\/div>\t\t\t\t<\/div>\n\t\t\t\t<\/div>\n\t\t\t\t<\/div>\n\t\t<div class=\"elementor-element elementor-element-09826f3 e-con-full e-flex e-con e-child\" data-id=\"09826f3\" data-element_type=\"container\">\n\t\t\t\t<div class=\"elementor-element elementor-element-290447e elementor-widget elementor-widget-heading\" data-id=\"290447e\" data-element_type=\"widget\" data-widget_type=\"heading.default\">\n\t\t\t\t<div class=\"elementor-widget-container\">\n\t\t\t\t\t<h3 class=\"elementor-heading-title elementor-size-default\">DLA TW\u00d3RC\u00d3W, FREELANCER\u00d3W I MARKETER\u00d3W<\/h3>\t\t\t\t<\/div>\n\t\t\t\t<\/div>\n\t\t\t\t<div class=\"elementor-element elementor-element-63814a8 elementor-position-top elementor-widget elementor-widget-image-box\" data-id=\"63814a8\" data-element_type=\"widget\" data-widget_type=\"image-box.default\">\n\t\t\t\t<div class=\"elementor-widget-container\">\n\t\t\t\t\t<div class=\"elementor-image-box-wrapper\"><figure class=\"elementor-image-box-img\"><img loading=\"lazy\" decoding=\"async\" width=\"2560\" height=\"1608\" src=\"https:\/\/www.matawi.eu\/wp-content\/uploads\/2025\/03\/top-view-graphic-designer-with-tablet-scaled.jpg\" class=\"attachment-full size-full wp-image-1228\" alt=\"\" srcset=\"https:\/\/www.matawi.eu\/wp-content\/uploads\/2025\/03\/top-view-graphic-designer-with-tablet-scaled.jpg 2560w, https:\/\/www.matawi.eu\/wp-content\/uploads\/2025\/03\/top-view-graphic-designer-with-tablet-300x188.jpg 300w, https:\/\/www.matawi.eu\/wp-content\/uploads\/2025\/03\/top-view-graphic-designer-with-tablet-1024x643.jpg 1024w, https:\/\/www.matawi.eu\/wp-content\/uploads\/2025\/03\/top-view-graphic-designer-with-tablet-768x482.jpg 768w, https:\/\/www.matawi.eu\/wp-content\/uploads\/2025\/03\/top-view-graphic-designer-with-tablet-1536x965.jpg 1536w, https:\/\/www.matawi.eu\/wp-content\/uploads\/2025\/03\/top-view-graphic-designer-with-tablet-2048x1286.jpg 2048w\" sizes=\"(max-width: 2560px) 100vw, 2560px\" \/><\/figure><div class=\"elementor-image-box-content\"><p class=\"elementor-image-box-description\">\u2714 projekty graficzne do kampanii i projekt\u00f3w online<br>\n\u2714 ok\u0142adki, bannery, materia\u0142y kreatywne<br>\n\u2714 przygotowanie plik\u00f3w do druku i publikacji<br>\n\u2714 wizualne wsparcie przy tworzeniu tre\u015bci<br>\n\u2714 grafiki indywidualne dopasowane do brandu<br><\/p><\/div><\/div>\t\t\t\t<\/div>\n\t\t\t\t<\/div>\n\t\t\t\t<\/div>\n\t\t<div class=\"elementor-element elementor-element-47c9261 e-con-full e-flex e-con e-child\" data-id=\"47c9261\" data-element_type=\"container\">\n\t\t\t\t<div class=\"elementor-element elementor-element-243e0c0 elementor-widget elementor-widget-heading\" data-id=\"243e0c0\" data-element_type=\"widget\" data-widget_type=\"heading.default\">\n\t\t\t\t<div class=\"elementor-widget-container\">\n\t\t\t\t\t<h3 class=\"elementor-heading-title elementor-size-default\">Co mnie wyr\u00f3\u017cnia?<\/h3>\t\t\t\t<\/div>\n\t\t\t\t<\/div>\n\t\t\t\t<div class=\"elementor-element elementor-element-0e545cd elementor-position-top elementor-widget elementor-widget-image-box\" data-id=\"0e545cd\" data-element_type=\"widget\" data-widget_type=\"image-box.default\">\n\t\t\t\t<div class=\"elementor-widget-container\">\n\t\t\t\t\t<div class=\"elementor-image-box-wrapper\"><figure class=\"elementor-image-box-img\"><img loading=\"lazy\" decoding=\"async\" width=\"2000\" height=\"1377\" src=\"https:\/\/www.matawi.eu\/wp-content\/uploads\/2025\/11\/23939333.jpg\" class=\"attachment-full size-full wp-image-1529\" alt=\"\" srcset=\"https:\/\/www.matawi.eu\/wp-content\/uploads\/2025\/11\/23939333.jpg 2000w, https:\/\/www.matawi.eu\/wp-content\/uploads\/2025\/11\/23939333-300x207.jpg 300w, https:\/\/www.matawi.eu\/wp-content\/uploads\/2025\/11\/23939333-1024x705.jpg 1024w, https:\/\/www.matawi.eu\/wp-content\/uploads\/2025\/11\/23939333-768x529.jpg 768w, https:\/\/www.matawi.eu\/wp-content\/uploads\/2025\/11\/23939333-1536x1058.jpg 1536w\" sizes=\"(max-width: 2000px) 100vw, 2000px\" \/><\/figure><div class=\"elementor-image-box-content\"><p class=\"elementor-image-box-description\">\u2714 indywidualne podej\u015bcie do ka\u017cdego projektu<br>\n\u2714 \u0142\u0105czenie kreatywno\u015bci z funkcjonalno\u015bci\u0105<br>\n\u2714 do\u015bwiadczenie w pracy z klientami PL i DE<br>\n\u2714 nowoczesny styl i nacisk na sp\u00f3jno\u015b\u0107 marki<br>\n\u2714 terminowo\u015b\u0107 i pe\u0142ne wsparcie na ka\u017cdym etapie projektu<\/p><\/div><\/div>\t\t\t\t<\/div>\n\t\t\t\t<\/div>\n\t\t\t\t<\/div>\n\t\t\t\t<\/div>\n\t\t\t\t\t<\/div>\n\t\t\t\t<\/div>\n\t\t\t\t<\/div>\n\t\t","protected":false},"excerpt":{"rendered":"<p>MaTaWi PROJEKTOWANIE GRAFIKI O mnie Jestem projektantem grafiki i identyfikacji wizualnej. Tworz\u0119 logotypy, systemy brandingu oraz materia\u0142y graficzne, kt\u00f3re pomagaj\u0105 markom wyr\u00f3\u017cnia\u0107 si\u0119, budowa\u0107 profesjonalny wizerunek i komunikowa\u0107 si\u0119 w sp\u00f3jny oraz estetyczny spos\u00f3b. W swojej pracy \u0142\u0105cz\u0119 kreatywno\u015b\u0107 z funkcjonalno\u015bci\u0105 \u2014 projektuj\u0119 tak, aby grafika nie tylko wygl\u0105da\u0142a atrakcyjnie, ale tak\u017ce realnie wspiera\u0142a biznes [&hellip;]<\/p>\n","protected":false},"author":1,"featured_media":0,"parent":0,"menu_order":0,"comment_status":"closed","ping_status":"closed","template":"","meta":{"footnotes":""},"class_list":["post-908","page","type-page","status-publish","hentry"],"_links":{"self":[{"href":"https:\/\/www.matawi.eu\/index.php?rest_route=\/wp\/v2\/pages\/908","targetHints":{"allow":["GET"]}}],"collection":[{"href":"https:\/\/www.matawi.eu\/index.php?rest_route=\/wp\/v2\/pages"}],"about":[{"href":"https:\/\/www.matawi.eu\/index.php?rest_route=\/wp\/v2\/types\/page"}],"author":[{"embeddable":true,"href":"https:\/\/www.matawi.eu\/index.php?rest_route=\/wp\/v2\/users\/1"}],"replies":[{"embeddable":true,"href":"https:\/\/www.matawi.eu\/index.php?rest_route=%2Fwp%2Fv2%2Fcomments&post=908"}],"version-history":[{"count":25,"href":"https:\/\/www.matawi.eu\/index.php?rest_route=\/wp\/v2\/pages\/908\/revisions"}],"predecessor-version":[{"id":1741,"href":"https:\/\/www.matawi.eu\/index.php?rest_route=\/wp\/v2\/pages\/908\/revisions\/1741"}],"wp:attachment":[{"href":"https:\/\/www.matawi.eu\/index.php?rest_route=%2Fwp%2Fv2%2Fmedia&parent=908"}],"curies":[{"name":"wp","href":"https:\/\/api.w.org\/{rel}","templated":true}]}}