{"id":1595,"date":"2025-11-23T14:57:49","date_gmt":"2025-11-23T14:57:49","guid":{"rendered":"https:\/\/www.matawi.eu\/?page_id=1595"},"modified":"2025-12-06T15:50:49","modified_gmt":"2025-12-06T15:50:49","slug":"komunikacja-wizualna","status":"publish","type":"page","link":"https:\/\/www.matawi.eu\/?page_id=1595","title":{"rendered":"KOMUNIKACJA WIZUALNA"},"content":{"rendered":"\t\t<div data-elementor-type=\"wp-page\" data-elementor-id=\"1595\" class=\"elementor elementor-1595\" data-elementor-post-type=\"page\">\n\t\t\t\t<div class=\"elementor-element elementor-element-0aa8c4c e-con-full e-flex elementor-invisible e-con e-parent\" data-id=\"0aa8c4c\" data-element_type=\"container\" data-settings=\"{&quot;animation&quot;:&quot;bounceIn&quot;}\">\n\t\t\t\t<div class=\"elementor-element elementor-element-b2b73a2 elementor-widget elementor-widget-heading\" data-id=\"b2b73a2\" data-element_type=\"widget\" data-widget_type=\"heading.default\">\n\t\t\t\t<div class=\"elementor-widget-container\">\n\t\t\t\t\t<h3 class=\"elementor-heading-title elementor-size-default\">Sp\u00f3jny obraz marki, kt\u00f3ry dzia\u0142a \u2014 online i offline.<\/h3>\t\t\t\t<\/div>\n\t\t\t\t<\/div>\n\t\t\t\t<div class=\"elementor-element elementor-element-1872f37 elementor-widget elementor-widget-heading\" data-id=\"1872f37\" data-element_type=\"widget\" data-widget_type=\"heading.default\">\n\t\t\t\t<div class=\"elementor-widget-container\">\n\t\t\t\t\t<h4 class=\"elementor-heading-title elementor-size-default\">Komunikacja wizualna to nie tylko \u0142adne kolory i estetyczne grafiki.<br>\nTo spos\u00f3b, w jaki marka m\u00f3wi do odbiorcy \u2014 zanim padnie cho\u0107 jedno s\u0142owo.<\/h4>\t\t\t\t<\/div>\n\t\t\t\t<\/div>\n\t\t\t\t<\/div>\n\t\t<div class=\"elementor-element elementor-element-35b5a0c e-con-full e-flex e-con e-parent\" data-id=\"35b5a0c\" data-element_type=\"container\">\n\t\t<div class=\"elementor-element elementor-element-25c0e61 e-con-full e-flex e-con e-child\" data-id=\"25c0e61\" data-element_type=\"container\">\n\t\t\t\t<div class=\"elementor-element elementor-element-a6c685b elementor-widget elementor-widget-text-editor\" data-id=\"a6c685b\" data-element_type=\"widget\" data-widget_type=\"text-editor.default\">\n\t\t\t\t<div class=\"elementor-widget-container\">\n\t\t\t\t\t\t\t\t\t<h4 data-start=\"1587\" data-end=\"1639\">Co oferuj\u0119 w zakresie komunikacji wizualnej?<\/h4><p>\u00a0<\/p><h4 data-start=\"1641\" data-end=\"1682\">1. Identyfikacja wizualna\u00a0<\/h4><p data-start=\"1683\" data-end=\"1749\">Logo, kolory, typografia, styl graficzny, uk\u0142ad materia\u0142\u00f3w \u2014 wszystko, co tworzy kompletny i sp\u00f3jny system wizualny marki.<\/p><h4 data-start=\"1751\" data-end=\"1786\">2. Materia\u0142y marketingowe<\/h4><ul><li data-start=\"1787\" data-end=\"1878\">\u2022 prezentacje handlowe<\/li><li data-start=\"1787\" data-end=\"1878\">ulotki, katalogi, broszury<\/li><li data-start=\"1787\" data-end=\"1878\">wizyt\u00f3wki, plakaty, banery<\/li><li data-start=\"1787\" data-end=\"1878\">dokumenty firmowe, oferty, PDF-y<\/li><\/ul><h4 data-start=\"1929\" data-end=\"1973\">3. Grafiki do komunikacji cyfrowej<\/h4><ul><li data-start=\"1974\" data-end=\"2070\">social media (posty, reel covers, mini-branding)<\/li><li data-start=\"1974\" data-end=\"2070\">banery reklamowe i grafiki do kampanii<\/li><li data-start=\"1974\" data-end=\"2070\">grafiki na strony internetowe<\/li><li data-start=\"1974\" data-end=\"2070\">materia\u0142y promocyjne i produktowe<\/li><\/ul><h4 data-start=\"2152\" data-end=\"2194\">4. Korekta i od\u015bwie\u017cenie wizualne istniej\u0105cych materia\u0142\u00f3w<\/h4><p data-start=\"2195\" data-end=\"2243\">Optymalizuj\u0119 obecne materia\u0142y tak, by by\u0142y:<\/p><ul><li data-start=\"2195\" data-end=\"2243\">bardziej sp\u00f3jne<\/li><li data-start=\"2195\" data-end=\"2243\">bardziej czytelne<\/li><li data-start=\"2195\" data-end=\"2243\">bardziej profesjonalne<\/li><li data-start=\"2195\" data-end=\"2243\">zgodne z aktualnym stylem marki<\/li><\/ul><h4 data-start=\"2347\" data-end=\"2413\">5. Projekty stron i landing pages \u2014 od strony wizualnej<\/h4><p data-start=\"2414\" data-end=\"2541\">Przygotowuj\u0119 pe\u0142n\u0105 koncepcj\u0119 wizualn\u0105 strony:<\/p><ul><li data-start=\"2414\" data-end=\"2541\">layout<\/li><li data-start=\"2414\" data-end=\"2541\">uk\u0142ad sekcji<\/li><li data-start=\"2414\" data-end=\"2541\">grafiki<\/li><li data-start=\"2414\" data-end=\"2541\">styl i klimat marki<\/li><\/ul>\t\t\t\t\t\t\t\t<\/div>\n\t\t\t\t<\/div>\n\t\t\t\t<\/div>\n\t\t<div class=\"elementor-element elementor-element-78b29ad e-con-full e-flex e-con e-child\" data-id=\"78b29ad\" data-element_type=\"container\">\n\t\t<div class=\"elementor-element elementor-element-1d829a4 e-con-full e-flex e-con e-child\" data-id=\"1d829a4\" data-element_type=\"container\">\n\t\t\t\t<div class=\"elementor-element elementor-element-b622730 elementor-widget elementor-widget-text-editor\" data-id=\"b622730\" data-element_type=\"widget\" data-widget_type=\"text-editor.default\">\n\t\t\t\t<div class=\"elementor-widget-container\">\n\t\t\t\t\t\t\t\t\t<p data-start=\"1202\" data-end=\"1260\">Tworz\u0119 identyfikacj\u0119 wizualn\u0105 i projekty graficzne, kt\u00f3re:<\/p><p data-start=\"1202\" data-end=\"1260\">\u00a0<\/p><p data-start=\"1262\" data-end=\"1409\">\u2714 od razu przyci\u0105gaj\u0105 uwag\u0119<br data-start=\"1289\" data-end=\"1292\" \/>\u2714 buduj\u0105 emocjonalny odbi\u00f3r marki<br data-start=\"1325\" data-end=\"1328\" \/>\u2714 s\u0105 sp\u00f3jne stylistycznie i czytelne<br data-start=\"1364\" data-end=\"1367\" \/>\u2714 wzmacniaj\u0105 histori\u0119 i charakter brandu<\/p><p data-start=\"1262\" data-end=\"1409\">\u00a0<\/p><p data-start=\"1411\" data-end=\"1555\">Moje projekty \u0142\u0105cz\u0105 estetyk\u0119 z funkcjonalno\u015bci\u0105, dzi\u0119ki czemu komunikacja wizualna staje si\u0119 nie tylko pi\u0119kna, ale przede wszystkim skuteczna.<\/p>\t\t\t\t\t\t\t\t<\/div>\n\t\t\t\t<\/div>\n\t\t\t\t<\/div>\n\t\t<div class=\"elementor-element elementor-element-75bd8c7 e-con-full e-flex e-con e-child\" data-id=\"75bd8c7\" data-element_type=\"container\">\n\t\t\t\t<div class=\"elementor-element elementor-element-76271b5 elementor-widget elementor-widget-video\" data-id=\"76271b5\" data-element_type=\"widget\" data-settings=\"{&quot;video_type&quot;:&quot;hosted&quot;,&quot;autoplay&quot;:&quot;yes&quot;,&quot;play_on_mobile&quot;:&quot;yes&quot;,&quot;mute&quot;:&quot;yes&quot;,&quot;loop&quot;:&quot;yes&quot;}\" data-widget_type=\"video.default\">\n\t\t\t\t<div class=\"elementor-widget-container\">\n\t\t\t\t\t\t\t<div class=\"e-hosted-video elementor-wrapper elementor-open-inline\">\n\t\t\t\t\t<video class=\"elementor-video\" src=\"https:\/\/www.matawi.eu\/wp-content\/uploads\/2025\/11\/0_Brand_Marketing_3840x2160.mp4\" autoplay=\"\" loop=\"\" muted=\"muted\" playsinline=\"\" controlsList=\"nodownload\"><\/video>\n\t\t\t\t<\/div>\n\t\t\t\t\t\t<\/div>\n\t\t\t\t<\/div>\n\t\t\t\t<div class=\"elementor-element elementor-element-c839822 elementor-widget elementor-widget-text-editor\" data-id=\"c839822\" data-element_type=\"widget\" data-widget_type=\"text-editor.default\">\n\t\t\t\t<div class=\"elementor-widget-container\">\n\t\t\t\t\t\t\t\t\t<h4 data-start=\"1041\" data-end=\"1102\">Dlaczego komunikacja wizualna jest tak wa\u017cna?<\/h4><p data-start=\"1104\" data-end=\"1157\">Bo odbiorca ocenia mark\u0119 w 1\u20132 sekundy.<br data-start=\"2055\" data-end=\"2058\" \/>Dobra wizualno\u015b\u0107:<\/p><ul><li data-start=\"1104\" data-end=\"1157\">buduje profesjonalny wizerunek<\/li><li data-start=\"1104\" data-end=\"1157\">wzmacnia zaufanie<\/li><li data-start=\"1104\" data-end=\"1157\">wspiera sprzeda\u017c<\/li><li data-start=\"1104\" data-end=\"1157\">podkre\u015bla unikalny charakter marki<\/li><li data-start=\"1104\" data-end=\"1157\">tworzy emocjonalne skojarzenia<\/li><\/ul><p data-start=\"1021\" data-end=\"1050\">Projektuj\u0119 wizualno\u015b\u0107, kt\u00f3ra:<\/p><p data-start=\"1052\" data-end=\"1214\">\u2714 natychmiast przyci\u0105ga uwag\u0119<br data-start=\"1081\" data-end=\"1084\" \/>\u2714 opowiada histori\u0119 marki bez s\u0142\u00f3w<br data-start=\"1118\" data-end=\"1121\" \/>\u2714 jest przejrzysta, sp\u00f3jna i emocjonalnie anga\u017cuj\u0105ca<br data-start=\"1173\" data-end=\"1176\" \/>\u2714 pomaga marce wyr\u00f3\u017cni\u0107 si\u0119 i rosn\u0105\u0107<\/p>\t\t\t\t\t\t\t\t<\/div>\n\t\t\t\t<\/div>\n\t\t\t\t<\/div>\n\t\t\t\t<\/div>\n\t\t\t\t<\/div>\n\t\t<div class=\"elementor-element elementor-element-d5f7c2b e-con-full e-flex elementor-invisible e-con e-parent\" data-id=\"d5f7c2b\" data-element_type=\"container\" data-settings=\"{&quot;animation&quot;:&quot;bounce&quot;}\">\n\t\t<div class=\"elementor-element elementor-element-5917fe5 e-con-full e-flex e-con e-child\" data-id=\"5917fe5\" data-element_type=\"container\">\n\t\t\t\t<div class=\"elementor-element elementor-element-42799d3 elementor-widget elementor-widget-text-editor\" data-id=\"42799d3\" data-element_type=\"widget\" data-widget_type=\"text-editor.default\">\n\t\t\t\t<div class=\"elementor-widget-container\">\n\t\t\t\t\t\t\t\t\t<h5 data-start=\"2548\" data-end=\"2580\">\u00a0<\/h5><h5 data-start=\"2548\" data-end=\"2580\">\u00a0<\/h5><h5 data-start=\"2548\" data-end=\"2580\">Dla kogo jest ta us\u0142uga?<\/h5><p data-start=\"2582\" data-end=\"2828\">\u2714 firm buduj\u0105cych swoj\u0105 pierwsz\u0105 identyfikacj\u0119<br data-start=\"2314\" data-end=\"2317\" \/>\u2714 marek potrzebuj\u0105cych profesjonalnych materia\u0142\u00f3w graficznych<br data-start=\"2378\" data-end=\"2381\" \/>\u2714 przedsi\u0119biorc\u00f3w chc\u0105cych poprawi\u0107 wizerunek<br data-start=\"2426\" data-end=\"2429\" \/>\u2714 e-commerce i us\u0142ug<br data-start=\"2449\" data-end=\"2452\" \/>\u2714 freelancer\u00f3w, tw\u00f3rc\u00f3w, trener\u00f3w, konsultant\u00f3w<br data-start=\"2499\" data-end=\"2502\" \/>\u2714 zespo\u0142\u00f3w marketingowych potrzebuj\u0105cych sta\u0142ej oprawy graficznej<\/p>\t\t\t\t\t\t\t\t<\/div>\n\t\t\t\t<\/div>\n\t\t\t\t<\/div>\n\t\t<div class=\"elementor-element elementor-element-4c8b918 e-con-full e-flex e-con e-child\" data-id=\"4c8b918\" data-element_type=\"container\">\n\t\t\t\t<div class=\"elementor-element elementor-element-b95e58b elementor-widget elementor-widget-video\" data-id=\"b95e58b\" data-element_type=\"widget\" data-settings=\"{&quot;video_type&quot;:&quot;hosted&quot;,&quot;autoplay&quot;:&quot;yes&quot;,&quot;play_on_mobile&quot;:&quot;yes&quot;,&quot;mute&quot;:&quot;yes&quot;,&quot;loop&quot;:&quot;yes&quot;}\" data-widget_type=\"video.default\">\n\t\t\t\t<div class=\"elementor-widget-container\">\n\t\t\t\t\t\t\t<div class=\"e-hosted-video elementor-wrapper elementor-open-inline\">\n\t\t\t\t\t<video class=\"elementor-video\" src=\"https:\/\/www.matawi.eu\/wp-content\/uploads\/2025\/11\/5688125_Coll_wavebreak_People_3840x2160.mp4\" autoplay=\"\" loop=\"\" muted=\"muted\" playsinline=\"\" controlsList=\"nodownload\"><\/video>\n\t\t\t\t<\/div>\n\t\t\t\t\t\t<\/div>\n\t\t\t\t<\/div>\n\t\t\t\t<\/div>\n\t\t<div class=\"elementor-element elementor-element-46a9fea e-con-full e-flex e-con e-child\" data-id=\"46a9fea\" data-element_type=\"container\">\n\t\t\t\t<div class=\"elementor-element elementor-element-032fd48 elementor-widget elementor-widget-text-editor\" data-id=\"032fd48\" data-element_type=\"widget\" data-widget_type=\"text-editor.default\">\n\t\t\t\t<div class=\"elementor-widget-container\">\n\t\t\t\t\t\t\t\t\t<h5 data-start=\"2835\" data-end=\"2870\">\u00a0<\/h5><h5 data-start=\"2835\" data-end=\"2870\">Dlaczego wsp\u00f3\u0142praca ze mn\u0105?<\/h5><p data-start=\"2611\" data-end=\"2879\">\u2714 \u0142\u0105cz\u0119 estetyk\u0119 z funkcjonalno\u015bci\u0105<br data-start=\"2646\" data-end=\"2649\" \/>\u2714 tworz\u0119 projekty dopasowane do odbiorcy i charakteru marki<br data-start=\"2708\" data-end=\"2711\" \/>\u2714 stawiam na sp\u00f3jno\u015b\u0107 \u2014 ka\u017cdy element wizualny ma sens<br data-start=\"2765\" data-end=\"2768\" \/>\u2714 dbam o czytelno\u015b\u0107, profesjonalizm i detal<br data-start=\"2811\" data-end=\"2814\" \/>\u2714 dostarczam gotowe materia\u0142y i pe\u0142ne wsparcie na ka\u017cdym etapie<\/p><p data-start=\"2881\" data-end=\"2968\">Kr\u00f3tko m\u00f3wi\u0105c: <span style=\"text-decoration: underline;\">tworz\u0119 wizualno\u015b\u0107, kt\u00f3ra pracuje na Twoj\u0105 mark\u0119 \u2014 nie tylko wygl\u0105da.<\/span><\/p>\t\t\t\t\t\t\t\t<\/div>\n\t\t\t\t<\/div>\n\t\t\t\t<\/div>\n\t\t\t\t<\/div>\n\t\t\t\t<\/div>\n\t\t","protected":false},"excerpt":{"rendered":"<p>Sp\u00f3jny obraz marki, kt\u00f3ry dzia\u0142a \u2014 online i offline. Komunikacja wizualna to nie tylko \u0142adne kolory i estetyczne grafiki. To spos\u00f3b, w jaki marka m\u00f3wi do odbiorcy \u2014 zanim padnie cho\u0107 jedno s\u0142owo. Co oferuj\u0119 w zakresie komunikacji wizualnej? \u00a0 1. Identyfikacja wizualna\u00a0 Logo, kolory, typografia, styl graficzny, uk\u0142ad materia\u0142\u00f3w \u2014 wszystko, co tworzy kompletny [&hellip;]<\/p>\n","protected":false},"author":1,"featured_media":0,"parent":0,"menu_order":0,"comment_status":"closed","ping_status":"closed","template":"","meta":{"footnotes":""},"class_list":["post-1595","page","type-page","status-publish","hentry"],"_links":{"self":[{"href":"https:\/\/www.matawi.eu\/index.php?rest_route=\/wp\/v2\/pages\/1595","targetHints":{"allow":["GET"]}}],"collection":[{"href":"https:\/\/www.matawi.eu\/index.php?rest_route=\/wp\/v2\/pages"}],"about":[{"href":"https:\/\/www.matawi.eu\/index.php?rest_route=\/wp\/v2\/types\/page"}],"author":[{"embeddable":true,"href":"https:\/\/www.matawi.eu\/index.php?rest_route=\/wp\/v2\/users\/1"}],"replies":[{"embeddable":true,"href":"https:\/\/www.matawi.eu\/index.php?rest_route=%2Fwp%2Fv2%2Fcomments&post=1595"}],"version-history":[{"count":27,"href":"https:\/\/www.matawi.eu\/index.php?rest_route=\/wp\/v2\/pages\/1595\/revisions"}],"predecessor-version":[{"id":1745,"href":"https:\/\/www.matawi.eu\/index.php?rest_route=\/wp\/v2\/pages\/1595\/revisions\/1745"}],"wp:attachment":[{"href":"https:\/\/www.matawi.eu\/index.php?rest_route=%2Fwp%2Fv2%2Fmedia&parent=1595"}],"curies":[{"name":"wp","href":"https:\/\/api.w.org\/{rel}","templated":true}]}}